{"id":2486,"date":"2024-12-02T19:30:24","date_gmt":"2024-12-02T22:30:24","guid":{"rendered":"https:\/\/tic.eco.una.py\/?page_id=2486"},"modified":"2025-01-10T16:49:27","modified_gmt":"2025-01-10T19:49:27","slug":"servicio-de-almacenamiento-en-nube","status":"publish","type":"page","link":"https:\/\/tic.eco.una.py\/?page_id=2486","title":{"rendered":"Servicio de almacenamiento en Nube"},"content":{"rendered":"\n<div class=\"wp-block-getwid-section alignfull alignfull getwid-margin-top-none getwid-margin-bottom-none getwid-section-content-custom-width\"><div class=\"wp-block-getwid-section__wrapper getwid-padding-top-large getwid-padding-bottom-large getwid-padding-left-medium getwid-padding-right-medium getwid-margin-left-none getwid-margin-right-none\" style=\"min-height:70vh\"><div class=\"wp-block-getwid-section__inner-wrapper\" style=\"max-width:740px\"><div class=\"wp-block-getwid-section__background-holder\"><div class=\"wp-block-getwid-section__background\"><\/div><div class=\"wp-block-getwid-section__foreground\" style=\"opacity:0.4;background-color:var(--theme-palette-color-4, #192c27);mix-blend-mode:multiply\"><\/div><\/div><div class=\"wp-block-getwid-section__content\"><div class=\"wp-block-getwid-section__inner-content\">\n<div class=\"wp-block-getwid-advanced-heading\" style=\"margin-bottom:30px;margin-top:10px\"><h2 class=\"wp-block-getwid-advanced-heading__content has-text-color\" style=\"text-align:center;color:#ffffff\">Servicio de almacenamiento en Nube<\/h2><\/div>\n\n\n\n<p class=\"has-text-align-center has-text-color\" style=\"color:#ffffff\">Es un espacio seguro y escalable para archivos digitales necesarios en la gesti\u00f3n acad\u00e9mica, administrativa y de investigaci\u00f3n. Con acceso desde cualquier dispositivo conectado a internet.<br>Al proporcionar espacio adicional en la nube se optimiza el espacio en la memoria de dispositivos locales y a\u00f1ade una capa mas de seguridad si se utiliza para copias de respaldo.<\/p>\n\n\n\n<div style=\"height:15px\" aria-hidden=\"true\" class=\"wp-block-spacer\"><\/div>\n\n\n\n<div class=\"wp-block-buttons is-content-justification-center is-layout-flex wp-container-core-buttons-is-layout-a89b3969 wp-block-buttons-is-layout-flex\">\n<div class=\"wp-block-button\"><a class=\"wp-block-button__link has-text-align-center wp-element-button\" href=\"https:\/\/cloud.eco.una.py\" target=\"_blank\" rel=\"noreferrer noopener\">Acceder al sitio<\/a><\/div>\n<\/div>\n<\/div><\/div><\/div><\/div><\/div>\n","protected":false},"excerpt":{"rendered":"","protected":false},"author":1,"featured_media":0,"parent":0,"menu_order":0,"comment_status":"closed","ping_status":"closed","template":"","meta":{"footnotes":""},"class_list":["post-2486","page","type-page","status-publish","hentry"],"blocksy_meta":{"vertical_spacing_source":"custom","content_area_spacing":"none","styles_descriptor":{"styles":{"desktop":"","tablet":"","mobile":""},"google_fonts":[],"version":6},"has_hero_section":"disabled"},"_links":{"self":[{"href":"https:\/\/tic.eco.una.py\/index.php?rest_route=\/wp\/v2\/pages\/2486","targetHints":{"allow":["GET"]}}],"collection":[{"href":"https:\/\/tic.eco.una.py\/index.php?rest_route=\/wp\/v2\/pages"}],"about":[{"href":"https:\/\/tic.eco.una.py\/index.php?rest_route=\/wp\/v2\/types\/page"}],"author":[{"embeddable":true,"href":"https:\/\/tic.eco.una.py\/index.php?rest_route=\/wp\/v2\/users\/1"}],"replies":[{"embeddable":true,"href":"https:\/\/tic.eco.una.py\/index.php?rest_route=%2Fwp%2Fv2%2Fcomments&post=2486"}],"version-history":[{"count":18,"href":"https:\/\/tic.eco.una.py\/index.php?rest_route=\/wp\/v2\/pages\/2486\/revisions"}],"predecessor-version":[{"id":2744,"href":"https:\/\/tic.eco.una.py\/index.php?rest_route=\/wp\/v2\/pages\/2486\/revisions\/2744"}],"wp:attachment":[{"href":"https:\/\/tic.eco.una.py\/index.php?rest_route=%2Fwp%2Fv2%2Fmedia&parent=2486"}],"curies":[{"name":"wp","href":"https:\/\/api.w.org\/{rel}","templated":true}]}}